{"id":122,"date":"2020-12-13T17:17:51","date_gmt":"2020-12-13T16:17:51","guid":{"rendered":"http:\/\/www.ptakopysk.cz\/?page_id=122"},"modified":"2021-03-26T10:59:03","modified_gmt":"2021-03-26T09:59:03","slug":"uvodmistranka","status":"publish","type":"page","link":"https:\/\/www.ptakopysk.cz\/","title":{"rendered":"V\u00edtejte na blogu ptakopyska podivn\u00e9ho"},"content":{"rendered":"\n<p class=\"has-drop-cap\">My\u0161lenky a filosofick\u00e9 pohledy na sv\u011bt zde uveden\u00e9 hluboce souvis\u00ed s totemov\u00fdm zv\u00ed\u0159etem autora a s toho vypl\u00fdvaj\u00edc\u00edho pohledu na sv\u011bt. Ptakopysk je zv\u00ed\u0159e prastar\u00e9, p\u0159e\u017eiv\u0161\u00ed ledasjak\u00e9 ot\u0159esy a d\u00edky sv\u00e9 filosofii \u017eit\u00ed je vysoce pravd\u011bpodobn\u00e9, \u017ee ptakopyskov\u00e9 tady budou pob\u00edhat i \u010dasech budouc\u00edch, kdy lidstvo bude pouhou minulost\u00ed oti\u0161t\u011bnou do geologick\u00fdch vrstev planety. Nebo\u0165 smyslem \u017eivota ptakopyskova ve filosofick\u00e9m pojet\u00ed je na\u017erat se a sp\u00e1t. Ve zb\u00fdvaj\u00edc\u00edm \u010dase bd\u011bl\u00fd ptakopysk sh\u00e1n\u00ed j\u00eddlo, aby mohl dost\u00e1t z\u00e1kladn\u00edm po\u017eadavk\u016fm na duchovn\u00ed existenci.<\/p>\n\n\n\n<p class=\"has-drop-cap\">Pr\u016fvodcem autorov\u00fdm na pouti po t\u00e9to planet\u011b jest ve zv\u00ed\u0159ec\u00edm sv\u011bt\u011b pes. Proto je ps\u016fm v\u011bnov\u00e1na samostatn\u00e1 rubrika Mr. Owcrope, kter\u00e1 je komentovan\u00fdm pr\u016f\u0159ezem \u017eivota t\u011bchto \u010dtverno\u017ec\u016f po autorov\u011b boku. <\/p>\n\n\n\n<p class=\"has-drop-cap\">Druh\u00e1 rubrika je v\u011bnov\u00e1na z\u00e1sadn\u00edm filosofick\u00fdm ot\u00e1zk\u00e1m, stra\u0161en\u00ed \u010dten\u00e1\u0159\u016f a pokus\u016fm \u010dten\u00e1\u0159e rozesm\u00e1t. Zde b\u011b\u017e\u00ed fantasy s\u00e9rie Algiho p\u0159\u00edb\u011bh\u016f, kde je zobrazen konstantn\u00ed po\u010det kapitol kdy s ka\u017edou novou kapitolou ta nejstar\u0161\u00ed zmiz\u00ed v chronoklastn\u00edm infundibulu, \u010di v Regio glutealis. Ne doslovn\u011b tam, samoz\u0159ejm\u011b. P\u0159\u00edb\u011bhy jsou sil\u00e1\u017eov\u00e1ny u m\u011b v archivu a \u010dekaj\u00ed, zda je n\u011bjak\u00fd \u0161\u00edlenec vyd\u00e1 tiskem. <\/p>\n\n\n\n<p class=\"has-drop-cap\" style=\"font-size:21px\">Nejnov\u011bj\u0161\u00ed p\u0159\u00edsp\u011bvky<\/p>\n\n\n\n<p class=\"has-blue-color has-text-color has-normal-font-size\">V\u00e1\u017een\u00ed p\u0159\u00e1tel\u00e9, proto\u017ee jsou co chv\u00edli V\u00e1noce, Nov\u00fd rok a tak podobn\u011b, poru\u0161\u00edm pravidlo a v Algiho p\u0159\u00edb\u011bz\u00edch serv\u00edruji celou sez\u00f3nu Pechfogl.<br>P\u0159ihodil jsem n\u011bkolik pov\u00eddek a fejeton\u016f do rubrik Pov\u00eddky a Fejetony.<br>P\u0159\u00edjemn\u00e9 po\u010dten\u00ed p\u0159eji.<\/p>\n\n\n<ul class=\"wp-block-latest-posts__list aligncenter wp-block-latest-posts\"><li><a class=\"wp-block-latest-posts__post-title\" href=\"https:\/\/www.ptakopysk.cz\/index.php\/2021\/03\/27\/lhostejnost\/\">Lhostejnost<\/a><\/li>\n<li><a class=\"wp-block-latest-posts__post-title\" href=\"https:\/\/www.ptakopysk.cz\/index.php\/2021\/03\/27\/mikulas\/\">Mikul\u00e1\u0161<\/a><\/li>\n<li><a class=\"wp-block-latest-posts__post-title\" href=\"https:\/\/www.ptakopysk.cz\/index.php\/2021\/03\/27\/marysa\/\">Mary\u0161a<\/a><\/li>\n<li><a class=\"wp-block-latest-posts__post-title\" href=\"https:\/\/www.ptakopysk.cz\/index.php\/2021\/03\/26\/paleni-carodejnic\/\">P\u00e1len\u00ed \u010darod\u011bjnic<\/a><\/li>\n<li><a class=\"wp-block-latest-posts__post-title\" href=\"https:\/\/www.ptakopysk.cz\/index.php\/2021\/03\/26\/velikonoce-aneb-trochu-postmodernismu\/\">Velikonoce, aneb trochu postmodernismu<\/a><\/li>\n<\/ul>\n\n\n<p><em>Post scriptum<\/em><\/p>\n\n\n\n<p>Web je ve v\u00fdstavb\u011b, tak\u017ee pokud v\u00e1s p\u0159ekvap\u00ed n\u011bjak\u00fd multikulturn\u00ed v\u00fdst\u0159elek, ned\u011bste se, to s autorem cloum\u00e1 jeho um\u011bleck\u00e9 st\u0159evo.<\/p>\n","protected":false},"excerpt":{"rendered":"<p>My\u0161lenky a filosofick\u00e9 pohledy na sv\u011bt zde uveden\u00e9 hluboce souvis\u00ed s totemov\u00fdm zv\u00ed\u0159etem autora a s toho vypl\u00fdvaj\u00edc\u00edho pohledu na sv\u011bt. Ptakopysk je zv\u00ed\u0159e prastar\u00e9, p\u0159e\u017eiv\u0161\u00ed ledasjak\u00e9 ot\u0159esy a d\u00edky sv\u00e9 filosofii \u017eit\u00ed je vysoce pravd\u011bpodobn\u00e9, \u017ee ptakopyskov\u00e9 tady budou &hellip; <a href=\"https:\/\/www.ptakopysk.cz\/\">Cel\u00fd p\u0159\u00edsp\u011bvek <span class=\"meta-nav\">&rarr;<\/span><\/a><\/p>\n","protected":false},"author":1,"featured_media":0,"parent":0,"menu_order":0,"comment_status":"closed","ping_status":"closed","template":"","meta":{"footnotes":""},"class_list":["post-122","page","type-page","status-publish","hentry"],"_links":{"self":[{"href":"https:\/\/www.ptakopysk.cz\/index.php\/wp-json\/wp\/v2\/pages\/122","targetHints":{"allow":["GET"]}}],"collection":[{"href":"https:\/\/www.ptakopysk.cz\/index.php\/wp-json\/wp\/v2\/pages"}],"about":[{"href":"https:\/\/www.ptakopysk.cz\/index.php\/wp-json\/wp\/v2\/types\/page"}],"author":[{"embeddable":true,"href":"https:\/\/www.ptakopysk.cz\/index.php\/wp-json\/wp\/v2\/users\/1"}],"replies":[{"embeddable":true,"href":"https:\/\/www.ptakopysk.cz\/index.php\/wp-json\/wp\/v2\/comments?post=122"}],"version-history":[{"count":11,"href":"https:\/\/www.ptakopysk.cz\/index.php\/wp-json\/wp\/v2\/pages\/122\/revisions"}],"predecessor-version":[{"id":204,"href":"https:\/\/www.ptakopysk.cz\/index.php\/wp-json\/wp\/v2\/pages\/122\/revisions\/204"}],"wp:attachment":[{"href":"https:\/\/www.ptakopysk.cz\/index.php\/wp-json\/wp\/v2\/media?parent=122"}],"curies":[{"name":"wp","href":"https:\/\/api.w.org\/{rel}","templated":true}]}}